{"id":606,"date":"2018-01-11T18:49:20","date_gmt":"2018-01-11T17:49:20","guid":{"rendered":"https:\/\/www.sprachschule-aktiv-fuerth.de\/home\/"},"modified":"2020-10-26T15:17:34","modified_gmt":"2020-10-26T14:17:34","slug":"home","status":"publish","type":"page","link":"https:\/\/www.sprachschule-aktiv-fuerth.de\/es\/","title":{"rendered":"Home"},"content":{"rendered":"<p>[vc_row full_width=&#8221;stretch_row_content_no_spaces&#8221;][vc_column][vc_single_image image=&#8221;1274&#8243; img_size=&#8221;full&#8221;][\/vc_column][\/vc_row][vc_row css=&#8221;.vc_custom_1538648120619{margin-top: 20px !important;}&#8221;][vc_column][vc_column_text]<\/p>\n<h1>Escuela de idiomas en F\u00fcrth &#8211; cursos de idiomas para alem\u00e1n e idiomas extranjeros<\/h1>\n<p>[\/vc_column_text][vc_row_inner][vc_column_inner width=&#8221;1\/2&#8243;][vc_column_text] <\/p>\n<div class=\"brlbs-cmpnt-container brlbs-cmpnt-content-blocker brlbs-cmpnt-with-individual-styles\" data-borlabs-cookie-content-blocker-id=\"default\" data-borlabs-cookie-content=\"PGlmcmFtZSBzcmM9Imh0dHBzOi8vd3d3LnlvdXR1YmUuY29tL2VtYmVkL09tbERYMXJETC13IiB3aWR0aD0iMTAwJSIgaGVpZ2h0PSIzNTAiIGZyYW1lYm9yZGVyPSIwIiBhbGxvd2Z1bGxzY3JlZW49ImFsbG93ZnVsbHNjcmVlbiI+PC9pZnJhbWU+\">\n<div class=\"brlbs-cmpnt-cb-preset-a\">\n<p class=\"brlbs-cmpnt-cb-description\">Est\u00e1s viendo un contenido de marcador de posici\u00f3n de <strong>Predeterminado<\/strong>. Para acceder al contenido real, haz clic en el siguiente bot\u00f3n. Ten en cuenta que al hacerlo compartir\u00e1s datos con terceros proveedores.<\/p>\n<div class=\"brlbs-cmpnt-cb-buttons\"> <a class=\"brlbs-cmpnt-cb-btn\" href=\"#\" data-borlabs-cookie-unblock role=\"button\">Desbloquear contenido<\/a> <a class=\"brlbs-cmpnt-cb-btn\" href=\"#\" data-borlabs-cookie-accept-service role=\"button\" style=\"display: none\">Aceptar el servicio requerido y desbloquear los contenidos<\/a> <\/div>\n<p> <a class=\"brlbs-cmpnt-cb-provider-toggle\" href=\"#\" data-borlabs-cookie-show-provider-information role=\"button\">M\u00e1s informaci\u00f3n<\/a> <\/div>\n<\/div>\n<p>[\/vc_column_text][\/vc_column_inner][vc_column_inner width=&#8221;1\/2&#8243;][vc_column_text]En la escuela de idiomas Aktiv in F\u00fcrth puede aprender alem\u00e1n y muchos otros idiomas extranjeros. Le ofrecemos diferentes modelos de cursos. Adem\u00e1s de las clases semanales, tambi\u00e9n ofrecemos un curso intensivo que le ayudar\u00e1 a progresar r\u00e1pidamente.<\/p>\n<p>Si desea tomar clases particulares, no hay problema. Contamos con una extensa base de datos de profesores cualificados. [\/vc_column_text]\t<div class=\"vc_btn3-container vc_btn3-left\">\n\t\t<a href=\"\/es\/inscripcion-escuela-idiomas-fuerth\/\" class=\"pgs_btn pgs_btn_style_1 pgs_btn_lg\">\n\t\t\t<span>\n\t\t\t\tInscr\u00edbete ahora\t\t\t<\/span>\n\t\t\t\t\t<\/a>\n\t<\/div>\n\t[\/vc_column_inner][\/vc_row_inner][\/vc_column][\/vc_row][vc_row full_width=&#8221;stretch_row&#8221; css=&#8221;.vc_custom_1538648473780{padding-top: 10px !important;padding-bottom: 25px !important;background-color: #f9f9f9 !important;}&#8221;][vc_column][vc_column_text]<\/p>\n<h2>En F\u00fcrth puede aprender diferentes idiomas en el nivel deseado<\/h2>\n<p>En F\u00fcrth puede aprender m\u00e1s de 41 idiomas. Por supuesto, tambi\u00e9n ofrecemos franc\u00e9s, espa\u00f1ol, italiano y adem\u00e1s del alem\u00e1n. Tal vez quiera pasar sus pr\u00f3ximas vacaciones en Marruecos y aprender \u00e1rabe para entonces. Eso no es un problema. Elija el idioma y encontraremos el curso adecuado para usted.<br \/>\nPor supuesto, usted aprende el idioma con nosotros desde el conocimiento b\u00e1sico hasta el dominio perfecto. Si usted ya tiene conocimientos b\u00e1sicos, comience en un curso avanzado. Para algunos idiomas, encontrar\u00e1 un test de nivelaci\u00f3n en nuestra p\u00e1gina web. De esta manera, el profesor conoce exactamente sus habilidades y pueda clasificarle de acuerdo a ellas. Tambi\u00e9n puede realizar la prueba de nivel en nuestras instalaciones en F\u00fcrth.<\/p>\n<h2>En F\u00fcrth ense\u00f1amos en grupos peque\u00f1os<\/h2>\n<p>Para las clases en grupo, nos aseguramos de que el tama\u00f1o del grupo no exceda de diez participantes. Un n\u00famero mayor aumenta la probabilidad de que no tenga suficiente tiempo de uso de la palabra. Usted aprende un idioma con nosotros a trav\u00e9s de la aplicaci\u00f3n pr\u00e1ctica. La comunicaci\u00f3n es especialmente importante al principio. De esta manera aprender\u00e1s a comunicarte en el idioma. Los \u00e9xitos r\u00e1pidos le motivan y disfruta aprendiendo.<br \/>\n[\/vc_column_text][\/vc_column][\/vc_row][vc_row css=&#8221;.vc_custom_1538648446418{margin-top: 15px !important;}&#8221;][vc_column width=&#8221;1\/2&#8243;][vc_column_text]<\/p>\n<h2>En F\u00fcrth impartimos cursos privados y para empresas<\/h2>\n<p>Los objetivos del aprendizaje de idiomas son muy diferentes. Muchos de nuestros participantes quieren pasar un mejor rato con los nativos durante sus pr\u00f3ximas vacaciones.<\/p>\n<p>Los conocimientos ling\u00fc\u00edsticos son una cualificaci\u00f3n clave para su \u00e9xito profesional. Usted puede asistir a un curso de idiomas privado que se centra en temas de negocios. Para los propietarios de empresas ofrecemos un amplio abanico de posibilidades. Nuestros profesores vienen a su empresa y ense\u00f1an a sus empleados. Usted determina el \u00e9nfasis del curso, la frecuencia y tambi\u00e9n el tiempo.[\/vc_column_text]\t<div class=\"vc_btn3-container vc_btn3-left\">\n\t\t<a href=\"\/es\/contactar\/\" class=\"pgs_btn pgs_btn_style_1 pgs_btn_lg\">\n\t\t\t<span>\n\t\t\t\tContacta con nosotros\t\t\t<\/span>\n\t\t\t\t\t<\/a>\n\t<\/div>\n\t[\/vc_column][vc_column width=&#8221;1\/2&#8243;][vc_single_image image=&#8221;628&#8243; img_size=&#8221;full&#8221; alignment=&#8221;center&#8221; css=&#8221;.vc_custom_1544809746209{margin-top: 50px !important;}&#8221;][\/vc_column][\/vc_row][vc_row full_width=&#8221;stretch_row&#8221; css=&#8221;.vc_custom_1538648658554{padding-top: 10px !important;padding-bottom: 25px !important;background-color: #f9f9f9 !important;}&#8221;][vc_column][vc_column_text]<\/p>\n<h2>En F\u00fcrth puede esperar lo siguiente de nuestros profesores<\/h2>\n<p>La pronunciaci\u00f3n es importante para cada curso de idiomas. S\u00f3lo se aprende perfectamente de un hablante nativo. Por eso es nuestra primera condici\u00f3n. Es \u00f3ptimo si tambi\u00e9n tiene una educaci\u00f3n pedag\u00f3gica. Si no es as\u00ed, en la entrevista se comprueba si tiene sensibilidad para los procesos pedag\u00f3gicos. Su personalidad tambi\u00e9n es importante. Esto es crucial para el \u00e9xito del curso, porque deben divertirse.[\/vc_column_text][\/vc_column][\/vc_row][vc_row css=&#8221;.vc_custom_1544170855256{padding-bottom: 20px !important;}&#8221;][vc_column][vc_column_text]<\/p>\n<h2>Pruebe nuestra oferta durante una clase de prueba gratuita<\/h2>\n<p>[\/vc_column_text][vc_row_inner][vc_column_inner width=&#8221;1\/2&#8243;][vc_single_image image=&#8221;626&#8243; img_size=&#8221;full&#8221; alignment=&#8221;center&#8221;][\/vc_column_inner][vc_column_inner width=&#8221;1\/2&#8243;][vc_column_text]Te facilitamos la elecci\u00f3n de nuestra escuela de idiomas. Puede reservar una clase de prueba. Si no est\u00e1 completamente convencido despu\u00e9s de la lecci\u00f3n, d\u00edganoslo. No tiene que explicarnos por qu\u00e9 deja la clase. Le reembolsaremos inmediatamente cualquier cuota del curso que ya haya pagado.<\/p>\n<p>Si decide tomar el curso, ser\u00e1 bien atendido por nuestro personal. Siempre tiene el o\u00eddo abierto para sus preocupaciones. Si no puede discutir un problema con tu profesor a su satisfacci\u00f3n, por favor contacta con nuestro equipo.[\/vc_column_text]\t<div class=\"vc_btn3-container vc_btn3-left\">\n\t\t<a href=\"\/es\/inscripcion-escuela-idiomas-fuerth\/\" class=\"pgs_btn pgs_btn_style_1 pgs_btn_lg\">\n\t\t\t<span>\n\t\t\t\tInscr\u00edbete ahora\t\t\t<\/span>\n\t\t\t\t\t<\/a>\n\t<\/div>\n\t[\/vc_column_inner][\/vc_row_inner][\/vc_column][\/vc_row]<\/p>\n","protected":false},"excerpt":{"rendered":"<p>[vc_row full_width=&#8221;stretch_row_content_no_spaces&#8221;][vc_column][vc_single_image image=&#8221;1274&#8243; img_size=&#8221;full&#8221;][\/vc_column][\/vc_row][vc_row css=&#8221;.vc_custom_1538648120619{margin-top: 20px !important;}&#8221;][vc_column][vc_column_text] Escuela de idiomas en F\u00fcrth &#8211; cursos de idiomas para alem\u00e1n e idiomas extranjeros [\/vc_column_text][vc_row_inner][vc_column_inner width=&#8221;1\/2&#8243;][vc_column_text] Est\u00e1s viendo un contenido de marcador de posici\u00f3n de Predeterminado. Para acceder al contenido real, haz clic en el siguiente bot\u00f3n. Ten en cuenta que al hacerlo compartir\u00e1s datos con terceros proveedores.&hellip; <a class=\"read-more\" href=\"https:\/\/www.sprachschule-aktiv-fuerth.de\/es\/\" title=\"Read Home\">Read more &raquo;<\/a><\/p>\n","protected":false},"author":1,"featured_media":0,"parent":0,"menu_order":0,"comment_status":"closed","ping_status":"closed","template":"","meta":{"footnotes":""},"class_list":["post-606","page","type-page","status-publish","hentry"],"yoast_head":"<!-- This site is optimized with the Yoast SEO plugin v27.2 - https:\/\/yoast.com\/product\/yoast-seo-wordpress\/ -->\n<title>Escuela de idiomas en F\u00fcrth - cursos para alem\u00e1n e idiomas extranjeros<\/title>\n<meta name=\"description\" content=\"En la escuela de idiomas Aktiv in F\u00fcrth puede aprender alem\u00e1n y muchos otros idiomas extranjeros. Le ofrecemos diferentes modelos de cursos.\" \/>\n<meta name=\"robots\" content=\"index, follow, max-snippet:-1, max-image-preview:large, max-video-preview:-1\" \/>\n<link rel=\"canonical\" href=\"https:\/\/www.sprachschule-aktiv-fuerth.de\/es\/\" \/>\n<meta property=\"og:locale\" content=\"es_ES\" \/>\n<meta property=\"og:type\" content=\"article\" \/>\n<meta property=\"og:title\" content=\"Escuela de idiomas en F\u00fcrth - cursos para alem\u00e1n e idiomas extranjeros\" \/>\n<meta property=\"og:description\" content=\"En la escuela de idiomas Aktiv in F\u00fcrth puede aprender alem\u00e1n y muchos otros idiomas extranjeros. Le ofrecemos diferentes modelos de cursos.\" \/>\n<meta property=\"og:url\" content=\"https:\/\/www.sprachschule-aktiv-fuerth.de\/es\/\" \/>\n<meta property=\"og:site_name\" content=\"Sprachschule Aktiv F\u00fcrth\" \/>\n<meta property=\"article:modified_time\" content=\"2020-10-26T14:17:34+00:00\" \/>\n<meta name=\"twitter:card\" content=\"summary_large_image\" \/>\n<meta name=\"twitter:label1\" content=\"Tiempo de lectura\" \/>\n\t<meta name=\"twitter:data1\" content=\"4 minutos\" \/>\n<script type=\"application\/ld+json\" class=\"yoast-schema-graph\">{\"@context\":\"https:\/\/schema.org\",\"@graph\":[{\"@type\":\"WebPage\",\"@id\":\"https:\/\/www.sprachschule-aktiv-fuerth.de\/es\/\",\"url\":\"https:\/\/www.sprachschule-aktiv-fuerth.de\/es\/\",\"name\":\"Escuela de idiomas en F\u00fcrth - cursos para alem\u00e1n e idiomas extranjeros\",\"isPartOf\":{\"@id\":\"https:\/\/www.sprachschule-aktiv-fuerth.de\/#website\"},\"datePublished\":\"2018-01-11T17:49:20+00:00\",\"dateModified\":\"2020-10-26T14:17:34+00:00\",\"description\":\"En la escuela de idiomas Aktiv in F\u00fcrth puede aprender alem\u00e1n y muchos otros idiomas extranjeros. Le ofrecemos diferentes modelos de cursos.\",\"breadcrumb\":{\"@id\":\"https:\/\/www.sprachschule-aktiv-fuerth.de\/es\/#breadcrumb\"},\"inLanguage\":\"es\",\"potentialAction\":[{\"@type\":\"ReadAction\",\"target\":[\"https:\/\/www.sprachschule-aktiv-fuerth.de\/es\/\"]}]},{\"@type\":\"BreadcrumbList\",\"@id\":\"https:\/\/www.sprachschule-aktiv-fuerth.de\/es\/#breadcrumb\",\"itemListElement\":[{\"@type\":\"ListItem\",\"position\":1,\"name\":\"Startseite\",\"item\":\"https:\/\/www.sprachschule-aktiv-fuerth.de\/es\/\"},{\"@type\":\"ListItem\",\"position\":2,\"name\":\"Home\"}]},{\"@type\":\"WebSite\",\"@id\":\"https:\/\/www.sprachschule-aktiv-fuerth.de\/#website\",\"url\":\"https:\/\/www.sprachschule-aktiv-fuerth.de\/\",\"name\":\"Sprachschule Aktiv F\u00fcrth\",\"description\":\"\",\"potentialAction\":[{\"@type\":\"SearchAction\",\"target\":{\"@type\":\"EntryPoint\",\"urlTemplate\":\"https:\/\/www.sprachschule-aktiv-fuerth.de\/?s={search_term_string}\"},\"query-input\":{\"@type\":\"PropertyValueSpecification\",\"valueRequired\":true,\"valueName\":\"search_term_string\"}}],\"inLanguage\":\"es\"}]}<\/script>\n<!-- \/ Yoast SEO plugin. -->","yoast_head_json":{"title":"Escuela de idiomas en F\u00fcrth - cursos para alem\u00e1n e idiomas extranjeros","description":"En la escuela de idiomas Aktiv in F\u00fcrth puede aprender alem\u00e1n y muchos otros idiomas extranjeros. Le ofrecemos diferentes modelos de cursos.","robots":{"index":"index","follow":"follow","max-snippet":"max-snippet:-1","max-image-preview":"max-image-preview:large","max-video-preview":"max-video-preview:-1"},"canonical":"https:\/\/www.sprachschule-aktiv-fuerth.de\/es\/","og_locale":"es_ES","og_type":"article","og_title":"Escuela de idiomas en F\u00fcrth - cursos para alem\u00e1n e idiomas extranjeros","og_description":"En la escuela de idiomas Aktiv in F\u00fcrth puede aprender alem\u00e1n y muchos otros idiomas extranjeros. Le ofrecemos diferentes modelos de cursos.","og_url":"https:\/\/www.sprachschule-aktiv-fuerth.de\/es\/","og_site_name":"Sprachschule Aktiv F\u00fcrth","article_modified_time":"2020-10-26T14:17:34+00:00","twitter_card":"summary_large_image","twitter_misc":{"Tiempo de lectura":"4 minutos"},"schema":{"@context":"https:\/\/schema.org","@graph":[{"@type":"WebPage","@id":"https:\/\/www.sprachschule-aktiv-fuerth.de\/es\/","url":"https:\/\/www.sprachschule-aktiv-fuerth.de\/es\/","name":"Escuela de idiomas en F\u00fcrth - cursos para alem\u00e1n e idiomas extranjeros","isPartOf":{"@id":"https:\/\/www.sprachschule-aktiv-fuerth.de\/#website"},"datePublished":"2018-01-11T17:49:20+00:00","dateModified":"2020-10-26T14:17:34+00:00","description":"En la escuela de idiomas Aktiv in F\u00fcrth puede aprender alem\u00e1n y muchos otros idiomas extranjeros. Le ofrecemos diferentes modelos de cursos.","breadcrumb":{"@id":"https:\/\/www.sprachschule-aktiv-fuerth.de\/es\/#breadcrumb"},"inLanguage":"es","potentialAction":[{"@type":"ReadAction","target":["https:\/\/www.sprachschule-aktiv-fuerth.de\/es\/"]}]},{"@type":"BreadcrumbList","@id":"https:\/\/www.sprachschule-aktiv-fuerth.de\/es\/#breadcrumb","itemListElement":[{"@type":"ListItem","position":1,"name":"Startseite","item":"https:\/\/www.sprachschule-aktiv-fuerth.de\/es\/"},{"@type":"ListItem","position":2,"name":"Home"}]},{"@type":"WebSite","@id":"https:\/\/www.sprachschule-aktiv-fuerth.de\/#website","url":"https:\/\/www.sprachschule-aktiv-fuerth.de\/","name":"Sprachschule Aktiv F\u00fcrth","description":"","potentialAction":[{"@type":"SearchAction","target":{"@type":"EntryPoint","urlTemplate":"https:\/\/www.sprachschule-aktiv-fuerth.de\/?s={search_term_string}"},"query-input":{"@type":"PropertyValueSpecification","valueRequired":true,"valueName":"search_term_string"}}],"inLanguage":"es"}]}},"_links":{"self":[{"href":"https:\/\/www.sprachschule-aktiv-fuerth.de\/es\/wp-json\/wp\/v2\/pages\/606","targetHints":{"allow":["GET"]}}],"collection":[{"href":"https:\/\/www.sprachschule-aktiv-fuerth.de\/es\/wp-json\/wp\/v2\/pages"}],"about":[{"href":"https:\/\/www.sprachschule-aktiv-fuerth.de\/es\/wp-json\/wp\/v2\/types\/page"}],"author":[{"embeddable":true,"href":"https:\/\/www.sprachschule-aktiv-fuerth.de\/es\/wp-json\/wp\/v2\/users\/1"}],"replies":[{"embeddable":true,"href":"https:\/\/www.sprachschule-aktiv-fuerth.de\/es\/wp-json\/wp\/v2\/comments?post=606"}],"version-history":[{"count":6,"href":"https:\/\/www.sprachschule-aktiv-fuerth.de\/es\/wp-json\/wp\/v2\/pages\/606\/revisions"}],"predecessor-version":[{"id":1278,"href":"https:\/\/www.sprachschule-aktiv-fuerth.de\/es\/wp-json\/wp\/v2\/pages\/606\/revisions\/1278"}],"wp:attachment":[{"href":"https:\/\/www.sprachschule-aktiv-fuerth.de\/es\/wp-json\/wp\/v2\/media?parent=606"}],"curies":[{"name":"wp","href":"https:\/\/api.w.org\/{rel}","templated":true}]}}