{"id":612,"date":"2018-01-12T07:14:43","date_gmt":"2018-01-12T06:14:43","guid":{"rendered":"https:\/\/www.sprachschule-aktiv-fuerth.de\/kontakt\/"},"modified":"2018-12-14T18:33:26","modified_gmt":"2018-12-14T17:33:26","slug":"contactar","status":"publish","type":"page","link":"https:\/\/www.sprachschule-aktiv-fuerth.de\/es\/contactar\/","title":{"rendered":"Contactar"},"content":{"rendered":"<p>[vc_row css=&#8221;.vc_custom_1538681072827{margin-top: 20px !important;}&#8221;][vc_column][vc_column_text]<\/p>\n<h1>Cont\u00e1ctanos ahora y aprende alem\u00e1n en F\u00fcrth<\/h1>\n<p>Cont\u00e1ctanos y aprende alem\u00e1n en Sprachschule Aktiv[\/vc_column_text][\/vc_column][\/vc_row][vc_row full_width=&#8221;stretch_row&#8221; css=&#8221;.vc_custom_1538681088940{padding-top: 10px !important;padding-bottom: 20px !important;background-color: #f9f9f9 !important;}&#8221;][vc_column][vc_column_text]<\/p>\n<h2>Formulario de contacto<\/h2>\n<div class=\"wpcf7 no-js\" id=\"wpcf7-f615-o1\" lang=\"de-DE\" dir=\"ltr\" data-wpcf7-id=\"615\">\n<div class=\"screen-reader-response\"><p role=\"status\" aria-live=\"polite\" aria-atomic=\"true\"><\/p> <ul><\/ul><\/div>\n<form action=\"\/es\/wp-json\/wp\/v2\/pages\/612#wpcf7-f615-o1\" method=\"post\" class=\"wpcf7-form init\" aria-label=\"Kontaktformular\" novalidate=\"novalidate\" data-status=\"init\">\n<fieldset class=\"hidden-fields-container\"><input type=\"hidden\" name=\"_wpcf7\" value=\"615\" \/><input type=\"hidden\" name=\"_wpcf7_version\" value=\"6.1.5\" \/><input type=\"hidden\" name=\"_wpcf7_locale\" value=\"de_DE\" \/><input type=\"hidden\" name=\"_wpcf7_unit_tag\" value=\"wpcf7-f615-o1\" \/><input type=\"hidden\" name=\"_wpcf7_container_post\" value=\"0\" \/><input type=\"hidden\" name=\"_wpcf7_posted_data_hash\" value=\"\" \/><input type=\"hidden\" name=\"_wpcf7_recaptcha_response\" value=\"\" \/>\n<\/fieldset>\n<p>Nombre*\n<\/p>\n<p><span class=\"wpcf7-form-control-wrap\" data-name=\"your-name\"><input size=\"40\" maxlength=\"400\" class=\"wpcf7-form-control wpcf7-text wpcf7-validates-as-required\" aria-required=\"true\" aria-invalid=\"false\" value=\"\" type=\"text\" name=\"your-name\" \/><\/span>\n<\/p>\n<p>Apellidos*\n<\/p>\n<p><span class=\"wpcf7-form-control-wrap\" data-name=\"your-name2\"><input size=\"40\" maxlength=\"400\" class=\"wpcf7-form-control wpcf7-text wpcf7-validates-as-required\" aria-required=\"true\" aria-invalid=\"false\" value=\"\" type=\"text\" name=\"your-name2\" \/><\/span>\n<\/p>\n<p>E-mail*\n<\/p>\n<p><span class=\"wpcf7-form-control-wrap\" data-name=\"your-email\"><input size=\"40\" maxlength=\"400\" class=\"wpcf7-form-control wpcf7-email wpcf7-validates-as-required wpcf7-text wpcf7-validates-as-email\" aria-required=\"true\" aria-invalid=\"false\" value=\"\" type=\"email\" name=\"your-email\" \/><\/span>\n<\/p>\n<p>Tel\u00e9fono*\n<\/p>\n<p><span class=\"wpcf7-form-control-wrap\" data-name=\"telefono\"><input size=\"40\" maxlength=\"400\" class=\"wpcf7-form-control wpcf7-tel wpcf7-validates-as-required wpcf7-text wpcf7-validates-as-tel\" aria-required=\"true\" aria-invalid=\"false\" value=\"\" type=\"tel\" name=\"telefono\" \/><\/span>\n<\/p>\n<p>\u00bfEn qu\u00e9 podemos ayudarte?\n<\/p>\n<p><span class=\"wpcf7-form-control-wrap\" data-name=\"your-message\"><textarea cols=\"40\" rows=\"10\" maxlength=\"2000\" class=\"wpcf7-form-control wpcf7-textarea\" aria-invalid=\"false\" name=\"your-message\"><\/textarea><\/span>\n<\/p>\n<div style=\"\">\n\t<p><span class=\"wpcf7-form-control-wrap\" data-name=\"agb\"><span class=\"wpcf7-form-control wpcf7-acceptance\"><span class=\"wpcf7-list-item\"><input type=\"checkbox\" name=\"agb\" value=\"1\" checked=\"checked\" aria-invalid=\"false\" \/><\/span><\/span><\/span> (*) He le\u00eddo y acepto los <a href=\"\/allgemeine-geschaftsbedingungen\/\" target=\"_blank\">t\u00e9rminos legales<\/a> y <a href=\"\/datenschutzerklarung\/\" target=\"_blank\">pol\u00edtica de privacidad de datos<\/a>.\n\t<\/p>\n<\/div>\n<p><input class=\"wpcf7-form-control wpcf7-submit has-spinner\" type=\"submit\" value=\"Enviar\" \/>\n<\/p><div class=\"wpcf7-response-output\" aria-hidden=\"true\"><\/div>\n<\/form>\n<\/div>\n[\/vc_column_text][\/vc_column][\/vc_row]<\/p>\n","protected":false},"excerpt":{"rendered":"<p>[vc_row css=&#8221;.vc_custom_1538681072827{margin-top: 20px !important;}&#8221;][vc_column][vc_column_text] Cont\u00e1ctanos ahora y aprende alem\u00e1n en F\u00fcrth Cont\u00e1ctanos y aprende alem\u00e1n en Sprachschule Aktiv[\/vc_column_text][\/vc_column][\/vc_row][vc_row full_width=&#8221;stretch_row&#8221; css=&#8221;.vc_custom_1538681088940{padding-top: 10px !important;padding-bottom: 20px !important;background-color: #f9f9f9 !important;}&#8221;][vc_column][vc_column_text] Formulario de contacto [\/vc_column_text][\/vc_column][\/vc_row]<\/p>\n","protected":false},"author":1,"featured_media":0,"parent":0,"menu_order":0,"comment_status":"closed","ping_status":"closed","template":"","meta":{"footnotes":""},"class_list":["post-612","page","type-page","status-publish","hentry"],"yoast_head":"<!-- This site is optimized with the Yoast SEO plugin v27.2 - https:\/\/yoast.com\/product\/yoast-seo-wordpress\/ -->\n<title>Cont\u00e1ctanos ahora y aprende alem\u00e1n en F\u00fcrth - Formulario contacto<\/title>\n<meta name=\"description\" content=\"Cont\u00e1ctenos y aprende r\u00e1pidamente alem\u00e1n en F\u00fcrth. Todo tipo de cursos para todos los niveles. Desde principiantes hasta avanzados.\" \/>\n<meta name=\"robots\" content=\"index, follow, max-snippet:-1, max-image-preview:large, max-video-preview:-1\" \/>\n<link rel=\"canonical\" href=\"https:\/\/www.sprachschule-aktiv-fuerth.de\/es\/contactar\/\" \/>\n<meta property=\"og:locale\" content=\"es_ES\" \/>\n<meta property=\"og:type\" content=\"article\" \/>\n<meta property=\"og:title\" content=\"Cont\u00e1ctanos ahora y aprende alem\u00e1n en F\u00fcrth - Formulario contacto\" \/>\n<meta property=\"og:description\" content=\"Cont\u00e1ctenos y aprende r\u00e1pidamente alem\u00e1n en F\u00fcrth. Todo tipo de cursos para todos los niveles. Desde principiantes hasta avanzados.\" \/>\n<meta property=\"og:url\" content=\"https:\/\/www.sprachschule-aktiv-fuerth.de\/es\/contactar\/\" \/>\n<meta property=\"og:site_name\" content=\"Sprachschule Aktiv F\u00fcrth\" \/>\n<meta property=\"article:modified_time\" content=\"2018-12-14T17:33:26+00:00\" \/>\n<meta name=\"twitter:card\" content=\"summary_large_image\" \/>\n<script type=\"application\/ld+json\" class=\"yoast-schema-graph\">{\"@context\":\"https:\/\/schema.org\",\"@graph\":[{\"@type\":\"WebPage\",\"@id\":\"https:\/\/www.sprachschule-aktiv-fuerth.de\/es\/contactar\/\",\"url\":\"https:\/\/www.sprachschule-aktiv-fuerth.de\/es\/contactar\/\",\"name\":\"Cont\u00e1ctanos ahora y aprende alem\u00e1n en F\u00fcrth - Formulario contacto\",\"isPartOf\":{\"@id\":\"https:\/\/www.sprachschule-aktiv-fuerth.de\/#website\"},\"datePublished\":\"2018-01-12T06:14:43+00:00\",\"dateModified\":\"2018-12-14T17:33:26+00:00\",\"description\":\"Cont\u00e1ctenos y aprende r\u00e1pidamente alem\u00e1n en F\u00fcrth. Todo tipo de cursos para todos los niveles. Desde principiantes hasta avanzados.\",\"breadcrumb\":{\"@id\":\"https:\/\/www.sprachschule-aktiv-fuerth.de\/es\/contactar\/#breadcrumb\"},\"inLanguage\":\"es\",\"potentialAction\":[{\"@type\":\"ReadAction\",\"target\":[\"https:\/\/www.sprachschule-aktiv-fuerth.de\/es\/contactar\/\"]}]},{\"@type\":\"BreadcrumbList\",\"@id\":\"https:\/\/www.sprachschule-aktiv-fuerth.de\/es\/contactar\/#breadcrumb\",\"itemListElement\":[{\"@type\":\"ListItem\",\"position\":1,\"name\":\"Startseite\",\"item\":\"https:\/\/www.sprachschule-aktiv-fuerth.de\/es\/\"},{\"@type\":\"ListItem\",\"position\":2,\"name\":\"Contactar\"}]},{\"@type\":\"WebSite\",\"@id\":\"https:\/\/www.sprachschule-aktiv-fuerth.de\/#website\",\"url\":\"https:\/\/www.sprachschule-aktiv-fuerth.de\/\",\"name\":\"Sprachschule Aktiv F\u00fcrth\",\"description\":\"\",\"potentialAction\":[{\"@type\":\"SearchAction\",\"target\":{\"@type\":\"EntryPoint\",\"urlTemplate\":\"https:\/\/www.sprachschule-aktiv-fuerth.de\/?s={search_term_string}\"},\"query-input\":{\"@type\":\"PropertyValueSpecification\",\"valueRequired\":true,\"valueName\":\"search_term_string\"}}],\"inLanguage\":\"es\"}]}<\/script>\n<!-- \/ Yoast SEO plugin. -->","yoast_head_json":{"title":"Cont\u00e1ctanos ahora y aprende alem\u00e1n en F\u00fcrth - Formulario contacto","description":"Cont\u00e1ctenos y aprende r\u00e1pidamente alem\u00e1n en F\u00fcrth. Todo tipo de cursos para todos los niveles. Desde principiantes hasta avanzados.","robots":{"index":"index","follow":"follow","max-snippet":"max-snippet:-1","max-image-preview":"max-image-preview:large","max-video-preview":"max-video-preview:-1"},"canonical":"https:\/\/www.sprachschule-aktiv-fuerth.de\/es\/contactar\/","og_locale":"es_ES","og_type":"article","og_title":"Cont\u00e1ctanos ahora y aprende alem\u00e1n en F\u00fcrth - Formulario contacto","og_description":"Cont\u00e1ctenos y aprende r\u00e1pidamente alem\u00e1n en F\u00fcrth. Todo tipo de cursos para todos los niveles. Desde principiantes hasta avanzados.","og_url":"https:\/\/www.sprachschule-aktiv-fuerth.de\/es\/contactar\/","og_site_name":"Sprachschule Aktiv F\u00fcrth","article_modified_time":"2018-12-14T17:33:26+00:00","twitter_card":"summary_large_image","schema":{"@context":"https:\/\/schema.org","@graph":[{"@type":"WebPage","@id":"https:\/\/www.sprachschule-aktiv-fuerth.de\/es\/contactar\/","url":"https:\/\/www.sprachschule-aktiv-fuerth.de\/es\/contactar\/","name":"Cont\u00e1ctanos ahora y aprende alem\u00e1n en F\u00fcrth - Formulario contacto","isPartOf":{"@id":"https:\/\/www.sprachschule-aktiv-fuerth.de\/#website"},"datePublished":"2018-01-12T06:14:43+00:00","dateModified":"2018-12-14T17:33:26+00:00","description":"Cont\u00e1ctenos y aprende r\u00e1pidamente alem\u00e1n en F\u00fcrth. Todo tipo de cursos para todos los niveles. Desde principiantes hasta avanzados.","breadcrumb":{"@id":"https:\/\/www.sprachschule-aktiv-fuerth.de\/es\/contactar\/#breadcrumb"},"inLanguage":"es","potentialAction":[{"@type":"ReadAction","target":["https:\/\/www.sprachschule-aktiv-fuerth.de\/es\/contactar\/"]}]},{"@type":"BreadcrumbList","@id":"https:\/\/www.sprachschule-aktiv-fuerth.de\/es\/contactar\/#breadcrumb","itemListElement":[{"@type":"ListItem","position":1,"name":"Startseite","item":"https:\/\/www.sprachschule-aktiv-fuerth.de\/es\/"},{"@type":"ListItem","position":2,"name":"Contactar"}]},{"@type":"WebSite","@id":"https:\/\/www.sprachschule-aktiv-fuerth.de\/#website","url":"https:\/\/www.sprachschule-aktiv-fuerth.de\/","name":"Sprachschule Aktiv F\u00fcrth","description":"","potentialAction":[{"@type":"SearchAction","target":{"@type":"EntryPoint","urlTemplate":"https:\/\/www.sprachschule-aktiv-fuerth.de\/?s={search_term_string}"},"query-input":{"@type":"PropertyValueSpecification","valueRequired":true,"valueName":"search_term_string"}}],"inLanguage":"es"}]}},"_links":{"self":[{"href":"https:\/\/www.sprachschule-aktiv-fuerth.de\/es\/wp-json\/wp\/v2\/pages\/612","targetHints":{"allow":["GET"]}}],"collection":[{"href":"https:\/\/www.sprachschule-aktiv-fuerth.de\/es\/wp-json\/wp\/v2\/pages"}],"about":[{"href":"https:\/\/www.sprachschule-aktiv-fuerth.de\/es\/wp-json\/wp\/v2\/types\/page"}],"author":[{"embeddable":true,"href":"https:\/\/www.sprachschule-aktiv-fuerth.de\/es\/wp-json\/wp\/v2\/users\/1"}],"replies":[{"embeddable":true,"href":"https:\/\/www.sprachschule-aktiv-fuerth.de\/es\/wp-json\/wp\/v2\/comments?post=612"}],"version-history":[{"count":3,"href":"https:\/\/www.sprachschule-aktiv-fuerth.de\/es\/wp-json\/wp\/v2\/pages\/612\/revisions"}],"predecessor-version":[{"id":617,"href":"https:\/\/www.sprachschule-aktiv-fuerth.de\/es\/wp-json\/wp\/v2\/pages\/612\/revisions\/617"}],"wp:attachment":[{"href":"https:\/\/www.sprachschule-aktiv-fuerth.de\/es\/wp-json\/wp\/v2\/media?parent=612"}],"curies":[{"name":"wp","href":"https:\/\/api.w.org\/{rel}","templated":true}]}}